{"id":4904,"date":"2023-04-29T22:04:28","date_gmt":"2023-04-29T22:04:28","guid":{"rendered":"https:\/\/erdenerbeserler.com.tr\/?post_type=product&#038;p=4904"},"modified":"2023-07-25T08:14:15","modified_gmt":"2023-07-25T08:14:15","slug":"ersut-krema","status":"publish","type":"product","link":"https:\/\/erdenerbeserler.com.tr\/index.php\/product\/ersut-krema\/","title":{"rendered":"Ers\u00fct Krema"},"content":{"rendered":"<p>S\u00fct ve S\u00fct \u00dcr\u00fcnleri, Ers\u00fct Krema<\/p>\n","protected":false},"excerpt":{"rendered":"<p>Ers\u00fct Krema 1000Gram<\/p>\n","protected":false},"featured_media":0,"comment_status":"closed","ping_status":"closed","template":"","meta":[],"product_brand":[],"product_cat":[100,99,186],"product_tag":[],"class_list":{"0":"post-4904","1":"product","2":"type-product","3":"status-publish","5":"product_cat-ersut","6":"product_cat-krema","7":"product_cat-sut-ve-sut-urunleri","9":"first","10":"instock","11":"shipping-taxable","12":"purchasable","13":"product-type-simple"},"_links":{"self":[{"href":"https:\/\/erdenerbeserler.com.tr\/index.php\/wp-json\/wp\/v2\/product\/4904","targetHints":{"allow":["GET"]}}],"collection":[{"href":"https:\/\/erdenerbeserler.com.tr\/index.php\/wp-json\/wp\/v2\/product"}],"about":[{"href":"https:\/\/erdenerbeserler.com.tr\/index.php\/wp-json\/wp\/v2\/types\/product"}],"replies":[{"embeddable":true,"href":"https:\/\/erdenerbeserler.com.tr\/index.php\/wp-json\/wp\/v2\/comments?post=4904"}],"wp:attachment":[{"href":"https:\/\/erdenerbeserler.com.tr\/index.php\/wp-json\/wp\/v2\/media?parent=4904"}],"wp:term":[{"taxonomy":"product_brand","embeddable":true,"href":"https:\/\/erdenerbeserler.com.tr\/index.php\/wp-json\/wp\/v2\/product_brand?post=4904"},{"taxonomy":"product_cat","embeddable":true,"href":"https:\/\/erdenerbeserler.com.tr\/index.php\/wp-json\/wp\/v2\/product_cat?post=4904"},{"taxonomy":"product_tag","embeddable":true,"href":"https:\/\/erdenerbeserler.com.tr\/index.php\/wp-json\/wp\/v2\/product_tag?post=4904"}],"curies":[{"name":"wp","href":"https:\/\/api.w.org\/{rel}","templated":true}]}}