{"id":4922,"date":"2023-04-29T22:47:36","date_gmt":"2023-04-29T22:47:36","guid":{"rendered":"https:\/\/erdenerbeserler.com.tr\/?post_type=product&#038;p=4922"},"modified":"2023-07-25T08:14:55","modified_gmt":"2023-07-25T08:14:55","slug":"reha-kare-kasar-peynir","status":"publish","type":"product","link":"https:\/\/erdenerbeserler.com.tr\/index.php\/product\/reha-kare-kasar-peynir\/","title":{"rendered":"Reha Kare Ka\u015far Peynir"},"content":{"rendered":"<p>S\u00fct ve S\u00fct \u00dcr\u00fcnleri, Reha Kare Ka\u015far Peynir<\/p>\n","protected":false},"excerpt":{"rendered":"<p>Reha Kare Ka\u015far Peynir 250Gram<\/p>\n","protected":false},"featured_media":4923,"comment_status":"closed","ping_status":"closed","template":"","meta":[],"product_brand":[],"product_cat":[108,170,124,186],"product_tag":[107,106,130,127,132,131],"class_list":{"0":"post-4922","1":"product","2":"type-product","3":"status-publish","4":"has-post-thumbnail","6":"product_cat-kasar-peynir","7":"product_cat-peynir","8":"product_cat-reha","9":"product_cat-sut-ve-sut-urunleri","10":"product_tag-beserler","11":"product_tag-erdener","12":"product_tag-erdener-beserler","13":"product_tag-reha","14":"product_tag-reha-kare-kasar-peynir","15":"product_tag-reha-kasar-peynir","17":"first","18":"instock","19":"shipping-taxable","20":"purchasable","21":"product-type-simple"},"_links":{"self":[{"href":"https:\/\/erdenerbeserler.com.tr\/index.php\/wp-json\/wp\/v2\/product\/4922","targetHints":{"allow":["GET"]}}],"collection":[{"href":"https:\/\/erdenerbeserler.com.tr\/index.php\/wp-json\/wp\/v2\/product"}],"about":[{"href":"https:\/\/erdenerbeserler.com.tr\/index.php\/wp-json\/wp\/v2\/types\/product"}],"replies":[{"embeddable":true,"href":"https:\/\/erdenerbeserler.com.tr\/index.php\/wp-json\/wp\/v2\/comments?post=4922"}],"wp:featuredmedia":[{"embeddable":true,"href":"https:\/\/erdenerbeserler.com.tr\/index.php\/wp-json\/wp\/v2\/media\/4923"}],"wp:attachment":[{"href":"https:\/\/erdenerbeserler.com.tr\/index.php\/wp-json\/wp\/v2\/media?parent=4922"}],"wp:term":[{"taxonomy":"product_brand","embeddable":true,"href":"https:\/\/erdenerbeserler.com.tr\/index.php\/wp-json\/wp\/v2\/product_brand?post=4922"},{"taxonomy":"product_cat","embeddable":true,"href":"https:\/\/erdenerbeserler.com.tr\/index.php\/wp-json\/wp\/v2\/product_cat?post=4922"},{"taxonomy":"product_tag","embeddable":true,"href":"https:\/\/erdenerbeserler.com.tr\/index.php\/wp-json\/wp\/v2\/product_tag?post=4922"}],"curies":[{"name":"wp","href":"https:\/\/api.w.org\/{rel}","templated":true}]}}