{"id":4924,"date":"2023-04-29T22:52:23","date_gmt":"2023-04-29T22:52:23","guid":{"rendered":"https:\/\/erdenerbeserler.com.tr\/?post_type=product&#038;p=4924"},"modified":"2023-07-25T08:14:56","modified_gmt":"2023-07-25T08:14:56","slug":"reha-delikli-kasar-peynir","status":"publish","type":"product","link":"https:\/\/erdenerbeserler.com.tr\/index.php\/product\/reha-delikli-kasar-peynir\/","title":{"rendered":"Reha Delikli Ka\u015far Peynir"},"content":{"rendered":"<p>S\u00fct ve S\u00fct \u00dcr\u00fcnleri, Reha Delikli Ka\u015far Peynir<\/p>\n","protected":false},"excerpt":{"rendered":"<p>Reha Delikli Ka\u015far Peynir 250Gram<\/p>\n","protected":false},"featured_media":0,"comment_status":"closed","ping_status":"closed","template":"","meta":[],"product_brand":[],"product_cat":[108,170,124,186],"product_tag":[107,106,130,109,111,127,133,132,131],"class_list":{"0":"post-4924","1":"product","2":"type-product","3":"status-publish","5":"product_cat-kasar-peynir","6":"product_cat-peynir","7":"product_cat-reha","8":"product_cat-sut-ve-sut-urunleri","9":"product_tag-beserler","10":"product_tag-erdener","11":"product_tag-erdener-beserler","12":"product_tag-kasar-peynir","13":"product_tag-peynir","14":"product_tag-reha","15":"product_tag-reha-delikli-kasar-peynir","16":"product_tag-reha-kare-kasar-peynir","17":"product_tag-reha-kasar-peynir","19":"first","20":"instock","21":"shipping-taxable","22":"purchasable","23":"product-type-simple"},"_links":{"self":[{"href":"https:\/\/erdenerbeserler.com.tr\/index.php\/wp-json\/wp\/v2\/product\/4924","targetHints":{"allow":["GET"]}}],"collection":[{"href":"https:\/\/erdenerbeserler.com.tr\/index.php\/wp-json\/wp\/v2\/product"}],"about":[{"href":"https:\/\/erdenerbeserler.com.tr\/index.php\/wp-json\/wp\/v2\/types\/product"}],"replies":[{"embeddable":true,"href":"https:\/\/erdenerbeserler.com.tr\/index.php\/wp-json\/wp\/v2\/comments?post=4924"}],"wp:attachment":[{"href":"https:\/\/erdenerbeserler.com.tr\/index.php\/wp-json\/wp\/v2\/media?parent=4924"}],"wp:term":[{"taxonomy":"product_brand","embeddable":true,"href":"https:\/\/erdenerbeserler.com.tr\/index.php\/wp-json\/wp\/v2\/product_brand?post=4924"},{"taxonomy":"product_cat","embeddable":true,"href":"https:\/\/erdenerbeserler.com.tr\/index.php\/wp-json\/wp\/v2\/product_cat?post=4924"},{"taxonomy":"product_tag","embeddable":true,"href":"https:\/\/erdenerbeserler.com.tr\/index.php\/wp-json\/wp\/v2\/product_tag?post=4924"}],"curies":[{"name":"wp","href":"https:\/\/api.w.org\/{rel}","templated":true}]}}