{"id":5017,"date":"2023-07-09T13:25:12","date_gmt":"2023-07-09T13:25:12","guid":{"rendered":"https:\/\/erdenerbeserler.com.tr\/?post_type=product&#038;p=5017"},"modified":"2023-07-25T08:17:58","modified_gmt":"2023-07-25T08:17:58","slug":"kopuk-ambalaj-ani-tek-gozlu-kapakli","status":"publish","type":"product","link":"https:\/\/erdenerbeserler.com.tr\/index.php\/product\/kopuk-ambalaj-ani-tek-gozlu-kapakli\/","title":{"rendered":"K\u00d6P\u00dcK AMBALAJ ANI TEK G\u00d6ZL\u00dc KAPAKLI"},"content":{"rendered":"<p>K\u00d6P\u00dcK AMBALAJ ANI TEK G\u00d6ZL\u00dc KAPAKLI<\/p>\n","protected":false},"excerpt":{"rendered":"<p>K\u00d6P\u00dcK AMBALAJ ANI TEK G\u00d6ZL\u00dc KAPAKLI 100 ADET (1KOL\u0130)<\/p>\n","protected":false},"featured_media":0,"comment_status":"open","ping_status":"closed","template":"","meta":[],"product_brand":[],"product_cat":[157,188,156],"product_tag":[],"class_list":{"0":"post-5017","1":"product","2":"type-product","3":"status-publish","5":"product_cat-ani","6":"product_cat-kagit-ve-ambalaj-urunleri","7":"product_cat-kopuk-ambalaj","9":"first","10":"instock","11":"shipping-taxable","12":"purchasable","13":"product-type-simple"},"_links":{"self":[{"href":"https:\/\/erdenerbeserler.com.tr\/index.php\/wp-json\/wp\/v2\/product\/5017","targetHints":{"allow":["GET"]}}],"collection":[{"href":"https:\/\/erdenerbeserler.com.tr\/index.php\/wp-json\/wp\/v2\/product"}],"about":[{"href":"https:\/\/erdenerbeserler.com.tr\/index.php\/wp-json\/wp\/v2\/types\/product"}],"replies":[{"embeddable":true,"href":"https:\/\/erdenerbeserler.com.tr\/index.php\/wp-json\/wp\/v2\/comments?post=5017"}],"wp:attachment":[{"href":"https:\/\/erdenerbeserler.com.tr\/index.php\/wp-json\/wp\/v2\/media?parent=5017"}],"wp:term":[{"taxonomy":"product_brand","embeddable":true,"href":"https:\/\/erdenerbeserler.com.tr\/index.php\/wp-json\/wp\/v2\/product_brand?post=5017"},{"taxonomy":"product_cat","embeddable":true,"href":"https:\/\/erdenerbeserler.com.tr\/index.php\/wp-json\/wp\/v2\/product_cat?post=5017"},{"taxonomy":"product_tag","embeddable":true,"href":"https:\/\/erdenerbeserler.com.tr\/index.php\/wp-json\/wp\/v2\/product_tag?post=5017"}],"curies":[{"name":"wp","href":"https:\/\/api.w.org\/{rel}","templated":true}]}}